{"id":486,"date":"2018-02-02T12:06:09","date_gmt":"2018-02-02T12:06:09","guid":{"rendered":"http:\/\/www.vecinoscampolivar.org\/index.php\/asociacion-2\/"},"modified":"2018-02-02T12:10:45","modified_gmt":"2018-02-02T12:10:45","slug":"associacio","status":"publish","type":"page","link":"http:\/\/www.vecinoscampolivar.org\/index.php\/associacio\/?lang=ca","title":{"rendered":"Associaci\u00f3"},"content":{"rendered":"<div id='gallery-1' class='gallery galleryid-486 gallery-columns-3 gallery-size-medium'><figure class='gallery-item'>\n\t\t\t<div class='gallery-icon landscape'>\n\t\t\t\t<a href='http:\/\/www.vecinoscampolivar.org\/wp-content\/uploads\/2018\/02\/IMG_3110.jpg'><img width=\"300\" height=\"225\" src=\"http:\/\/www.vecinoscampolivar.org\/wp-content\/uploads\/2018\/02\/IMG_3110-300x225.jpg\" class=\"attachment-medium size-medium\" alt=\"\" loading=\"lazy\" srcset=\"http:\/\/www.vecinoscampolivar.org\/wp-content\/uploads\/2018\/02\/IMG_3110-300x225.jpg 300w, http:\/\/www.vecinoscampolivar.org\/wp-content\/uploads\/2018\/02\/IMG_3110-768x576.jpg 768w, http:\/\/www.vecinoscampolivar.org\/wp-content\/uploads\/2018\/02\/IMG_3110-1024x768.jpg 1024w, http:\/\/www.vecinoscampolivar.org\/wp-content\/uploads\/2018\/02\/IMG_3110.jpg 2048w\" sizes=\"(max-width: 300px) 100vw, 300px\" \/><\/a>\n\t\t\t<\/div><\/figure><figure class='gallery-item'>\n\t\t\t<div class='gallery-icon landscape'>\n\t\t\t\t<a href='http:\/\/www.vecinoscampolivar.org\/wp-content\/uploads\/2018\/02\/IMG_3107.jpg'><img width=\"300\" height=\"225\" src=\"http:\/\/www.vecinoscampolivar.org\/wp-content\/uploads\/2018\/02\/IMG_3107-300x225.jpg\" class=\"attachment-medium size-medium\" alt=\"\" loading=\"lazy\" srcset=\"http:\/\/www.vecinoscampolivar.org\/wp-content\/uploads\/2018\/02\/IMG_3107-300x225.jpg 300w, http:\/\/www.vecinoscampolivar.org\/wp-content\/uploads\/2018\/02\/IMG_3107-768x576.jpg 768w, http:\/\/www.vecinoscampolivar.org\/wp-content\/uploads\/2018\/02\/IMG_3107-1024x768.jpg 1024w, http:\/\/www.vecinoscampolivar.org\/wp-content\/uploads\/2018\/02\/IMG_3107.jpg 2048w\" sizes=\"(max-width: 300px) 100vw, 300px\" \/><\/a>\n\t\t\t<\/div><\/figure><figure class='gallery-item'>\n\t\t\t<div class='gallery-icon landscape'>\n\t\t\t\t<a href='http:\/\/www.vecinoscampolivar.org\/wp-content\/uploads\/2018\/02\/IMG_3098.jpg'><img width=\"300\" height=\"225\" src=\"http:\/\/www.vecinoscampolivar.org\/wp-content\/uploads\/2018\/02\/IMG_3098-300x225.jpg\" class=\"attachment-medium size-medium\" alt=\"\" loading=\"lazy\" srcset=\"http:\/\/www.vecinoscampolivar.org\/wp-content\/uploads\/2018\/02\/IMG_3098-300x225.jpg 300w, http:\/\/www.vecinoscampolivar.org\/wp-content\/uploads\/2018\/02\/IMG_3098-768x576.jpg 768w, http:\/\/www.vecinoscampolivar.org\/wp-content\/uploads\/2018\/02\/IMG_3098-1024x768.jpg 1024w, http:\/\/www.vecinoscampolivar.org\/wp-content\/uploads\/2018\/02\/IMG_3098.jpg 2048w\" sizes=\"(max-width: 300px) 100vw, 300px\" \/><\/a>\n\t\t\t<\/div><\/figure>\n\t\t<\/div>\n\n<p>En novembre del any 2011 un grup de ve\u00efns de Campolivar, tant de la zona de Godella com de Paterna, decidirem formar una associaci\u00f3 per a gestionar els problemes que ens s\u00f3n propis i representar els nostres interessos davant els respectius ajuntaments o altres organismes.<\/p>\n<p>No tenim ningun posicionament ideol\u00f2gic o pol\u00edtic i a dia de hui serem vora 200 fam\u00edlies associades.<\/p>\n<p>Representants de l\u2019associaci\u00f3 ja s\u00f3m membres de v\u00e0ries comissions del Ajuntament de Godella en l\u2019\u00e0mbit de la participaci\u00f3 ciutadana i assistim a reunions en diverses parcel\u00b7les.<\/p>\n<p>Cre\u00efem haver aconseguit donar a Campolivar millor posici\u00f3 en la agenda municipal, i busquem tindre un reconeixement major a l\u2019ajuntament i que siga proporcional pel que fa al n\u00famero de ve\u00efns, ingressos, etc.<\/p>\n<p>La zona seguix tenint moltes car\u00e8ncies, des de fa anys, com escasa o nul\u00b7la repoblaci\u00f3 d\u2019arbres, ja que ve\u00efem continuament tales que no es substituixen, i s\u00f3m el pulm\u00f3 de la zona. La neteja, com ve\u00efem, \u00e9s deficient. La pres\u00e8ncia policial \u00e9s pr\u00e0cticament nul\u00b7la, encara que el ret\u00e9 estiga situat en la nostra zona. Mai s\u2019ens ha tingut en compte per a gestionar o modificar la circulaci\u00f3 i aix\u00ed podr\u00edem seguir.<\/p>\n<p>Totes estes situacions, s\u00f3n les que feren que naisquera l\u2019associaci\u00f3, per a tindre m\u00e9s for\u00e7a i ser reconeguts.<\/p>\n<p>Per tot a\u00e7\u00f2, \u00e9s molt important que continuem units i augmentem el n\u00famero d\u2019associats.<\/p>\n<p>&nbsp;<\/p>\n","protected":false},"excerpt":{"rendered":"<p>En novembre del any 2011 un grup de ve\u00efns de Campolivar, tant de la zona de Godella com de Paterna, decidirem formar una associaci\u00f3 per a gestionar els problemes que ens s\u00f3n propis i representar els nostres interessos davant els<\/p>\n","protected":false},"author":1,"featured_media":0,"parent":0,"menu_order":0,"comment_status":"closed","ping_status":"closed","template":"","meta":[],"translation":{"provider":"WPGlobus","version":"2.8.11","language":"en","enabled_languages":["en","es"],"languages":{"en":{"title":true,"content":true,"excerpt":false},"es":{"title":false,"content":false,"excerpt":false}}},"yoast_head":"<!-- This site is optimized with the Yoast SEO plugin v19.0 - https:\/\/yoast.com\/wordpress\/plugins\/seo\/ -->\n<title>Associaci\u00f3 - Asociaci\u00f3n de vecinos de Campolivar<\/title>\n<meta name=\"robots\" content=\"index, follow, max-snippet:-1, max-image-preview:large, max-video-preview:-1\" \/>\n<link rel=\"canonical\" href=\"http:\/\/www.vecinoscampolivar.org\/index.php\/associacio\/?lang=ca\" \/>\n<meta property=\"og:locale\" content=\"en_US\" \/>\n<meta property=\"og:type\" content=\"article\" \/>\n<meta property=\"og:title\" content=\"Associaci\u00f3 - Asociaci\u00f3n de vecinos de Campolivar\" \/>\n<meta property=\"og:url\" content=\"http:\/\/www.vecinoscampolivar.org\/index.php\/associacio\/?lang=ca\" \/>\n<meta property=\"og:site_name\" content=\"Asociaci\u00f3n de vecinos de Campolivar\" \/>\n<meta property=\"article:modified_time\" content=\"2018-02-02T12:10:45+00:00\" \/>\n<meta name=\"twitter:card\" content=\"summary_large_image\" \/>\n<meta name=\"twitter:label1\" content=\"Est. reading time\" \/>\n\t<meta name=\"twitter:data1\" content=\"1 minute\" \/>\n<script type=\"application\/ld+json\" class=\"yoast-schema-graph\">{\"@context\":\"https:\/\/schema.org\",\"@graph\":[{\"@type\":\"WebSite\",\"@id\":\"http:\/\/www.vecinoscampolivar.org\/#website\",\"url\":\"http:\/\/www.vecinoscampolivar.org\/\",\"name\":\"Asociaci\u00f3n de vecinos de Campolivar\",\"description\":\"\",\"potentialAction\":[{\"@type\":\"SearchAction\",\"target\":{\"@type\":\"EntryPoint\",\"urlTemplate\":\"http:\/\/www.vecinoscampolivar.org\/?s={search_term_string}\"},\"query-input\":\"required name=search_term_string\"}],\"inLanguage\":\"en-US\"},{\"@type\":\"WebPage\",\"@id\":\"http:\/\/www.vecinoscampolivar.org\/index.php\/associacio\/?lang=ca#webpage\",\"url\":\"http:\/\/www.vecinoscampolivar.org\/index.php\/associacio\/?lang=ca\",\"name\":\"Associaci\u00f3 - Asociaci\u00f3n de vecinos de Campolivar\",\"isPartOf\":{\"@id\":\"http:\/\/www.vecinoscampolivar.org\/#website\"},\"datePublished\":\"2018-02-02T12:06:09+00:00\",\"dateModified\":\"2018-02-02T12:10:45+00:00\",\"breadcrumb\":{\"@id\":\"http:\/\/www.vecinoscampolivar.org\/index.php\/associacio\/?lang=ca#breadcrumb\"},\"inLanguage\":\"en-US\",\"potentialAction\":[{\"@type\":\"ReadAction\",\"target\":[\"http:\/\/www.vecinoscampolivar.org\/index.php\/associacio\/?lang=ca\"]}]},{\"@type\":\"BreadcrumbList\",\"@id\":\"http:\/\/www.vecinoscampolivar.org\/index.php\/associacio\/?lang=ca#breadcrumb\",\"itemListElement\":[{\"@type\":\"ListItem\",\"position\":1,\"name\":\"Portada\",\"item\":\"http:\/\/www.vecinoscampolivar.org\/\"},{\"@type\":\"ListItem\",\"position\":2,\"name\":\"Associaci\u00f3\"}]}]}<\/script>\n<!-- \/ Yoast SEO plugin. -->","yoast_head_json":{"title":"Associaci\u00f3 - Asociaci\u00f3n de vecinos de Campolivar","robots":{"index":"index","follow":"follow","max-snippet":"max-snippet:-1","max-image-preview":"max-image-preview:large","max-video-preview":"max-video-preview:-1"},"canonical":"http:\/\/www.vecinoscampolivar.org\/index.php\/associacio\/?lang=ca","og_locale":"en_US","og_type":"article","og_title":"Associaci\u00f3 - Asociaci\u00f3n de vecinos de Campolivar","og_url":"http:\/\/www.vecinoscampolivar.org\/index.php\/associacio\/?lang=ca","og_site_name":"Asociaci\u00f3n de vecinos de Campolivar","article_modified_time":"2018-02-02T12:10:45+00:00","twitter_card":"summary_large_image","twitter_misc":{"Est. reading time":"1 minute"},"schema":{"@context":"https:\/\/schema.org","@graph":[{"@type":"WebSite","@id":"http:\/\/www.vecinoscampolivar.org\/#website","url":"http:\/\/www.vecinoscampolivar.org\/","name":"Asociaci\u00f3n de vecinos de Campolivar","description":"","potentialAction":[{"@type":"SearchAction","target":{"@type":"EntryPoint","urlTemplate":"http:\/\/www.vecinoscampolivar.org\/?s={search_term_string}"},"query-input":"required name=search_term_string"}],"inLanguage":"en-US"},{"@type":"WebPage","@id":"http:\/\/www.vecinoscampolivar.org\/index.php\/associacio\/?lang=ca#webpage","url":"http:\/\/www.vecinoscampolivar.org\/index.php\/associacio\/?lang=ca","name":"Associaci\u00f3 - Asociaci\u00f3n de vecinos de Campolivar","isPartOf":{"@id":"http:\/\/www.vecinoscampolivar.org\/#website"},"datePublished":"2018-02-02T12:06:09+00:00","dateModified":"2018-02-02T12:10:45+00:00","breadcrumb":{"@id":"http:\/\/www.vecinoscampolivar.org\/index.php\/associacio\/?lang=ca#breadcrumb"},"inLanguage":"en-US","potentialAction":[{"@type":"ReadAction","target":["http:\/\/www.vecinoscampolivar.org\/index.php\/associacio\/?lang=ca"]}]},{"@type":"BreadcrumbList","@id":"http:\/\/www.vecinoscampolivar.org\/index.php\/associacio\/?lang=ca#breadcrumb","itemListElement":[{"@type":"ListItem","position":1,"name":"Portada","item":"http:\/\/www.vecinoscampolivar.org\/"},{"@type":"ListItem","position":2,"name":"Associaci\u00f3"}]}]}},"_links":{"self":[{"href":"http:\/\/www.vecinoscampolivar.org\/index.php\/wp-json\/wp\/v2\/pages\/486"}],"collection":[{"href":"http:\/\/www.vecinoscampolivar.org\/index.php\/wp-json\/wp\/v2\/pages"}],"about":[{"href":"http:\/\/www.vecinoscampolivar.org\/index.php\/wp-json\/wp\/v2\/types\/page"}],"author":[{"embeddable":true,"href":"http:\/\/www.vecinoscampolivar.org\/index.php\/wp-json\/wp\/v2\/users\/1"}],"replies":[{"embeddable":true,"href":"http:\/\/www.vecinoscampolivar.org\/index.php\/wp-json\/wp\/v2\/comments?post=486"}],"version-history":[{"count":2,"href":"http:\/\/www.vecinoscampolivar.org\/index.php\/wp-json\/wp\/v2\/pages\/486\/revisions"}],"predecessor-version":[{"id":488,"href":"http:\/\/www.vecinoscampolivar.org\/index.php\/wp-json\/wp\/v2\/pages\/486\/revisions\/488"}],"wp:attachment":[{"href":"http:\/\/www.vecinoscampolivar.org\/index.php\/wp-json\/wp\/v2\/media?parent=486"}],"curies":[{"name":"wp","href":"https:\/\/api.w.org\/{rel}","templated":true}]}}