{"id":607,"date":"2018-01-31T18:25:51","date_gmt":"2018-01-31T18:25:51","guid":{"rendered":"http:\/\/www.vecinoscampolivar.org\/index.php\/asociacion__trashed\/junta-directiva\/"},"modified":"2018-02-06T19:21:08","modified_gmt":"2018-02-06T19:21:08","slug":"junta-directiva","status":"publish","type":"page","link":"http:\/\/www.vecinoscampolivar.org\/index.php\/junta-directiva\/?lang=ca","title":{"rendered":"Junta directiva"},"content":{"rendered":"<ul>\n<li>\n<blockquote><p>PRESIDENT: D. Jos\u00e9 Salcedo Bartual<\/p><\/blockquote>\n<\/li>\n<li>\n<blockquote><p>VICEPRESIDENT: D. Enrique G\u00f3mez Arnau<\/p><\/blockquote>\n<\/li>\n<li>\n<blockquote><p>SECRETARI: D. Alberto Buld\u00fa Gil<\/p><\/blockquote>\n<\/li>\n<\/ul>\n<p><img loading=\"lazy\" class=\"aligncenter wp-image-655\" src=\"http:\/\/www.vecinoscampolivar.org\/wp-content\/uploads\/2018\/01\/junta-directiva.png\" alt=\"\" width=\"500\" height=\"287\" srcset=\"http:\/\/www.vecinoscampolivar.org\/wp-content\/uploads\/2018\/01\/junta-directiva.png 698w, http:\/\/www.vecinoscampolivar.org\/wp-content\/uploads\/2018\/01\/junta-directiva-300x172.png 300w\" sizes=\"(max-width: 500px) 100vw, 500px\" \/><\/p>\n","protected":false},"excerpt":{"rendered":"<p>PRESIDENT: D. Jos\u00e9 Salcedo Bartual VICEPRESIDENT: D. Enrique G\u00f3mez Arnau SECRETARI: D. Alberto Buld\u00fa Gil<\/p>\n","protected":false},"author":1,"featured_media":0,"parent":0,"menu_order":0,"comment_status":"closed","ping_status":"closed","template":"","meta":[],"translation":{"provider":"WPGlobus","version":"2.8.11","language":"en","enabled_languages":["en","es"],"languages":{"en":{"title":true,"content":true,"excerpt":false},"es":{"title":false,"content":false,"excerpt":false}}},"yoast_head":"<!-- This site is optimized with the Yoast SEO plugin v19.0 - https:\/\/yoast.com\/wordpress\/plugins\/seo\/ -->\n<title>Junta directiva - Asociaci\u00f3n de vecinos de Campolivar<\/title>\n<meta name=\"robots\" content=\"index, follow, max-snippet:-1, max-image-preview:large, max-video-preview:-1\" \/>\n<link rel=\"canonical\" href=\"http:\/\/www.vecinoscampolivar.org\/index.php\/junta-directiva\/?lang=ca\" \/>\n<meta property=\"og:locale\" content=\"en_US\" \/>\n<meta property=\"og:type\" content=\"article\" \/>\n<meta property=\"og:title\" content=\"Junta directiva - Asociaci\u00f3n de vecinos de Campolivar\" \/>\n<meta property=\"og:url\" content=\"http:\/\/www.vecinoscampolivar.org\/index.php\/junta-directiva\/?lang=ca\" \/>\n<meta property=\"og:site_name\" content=\"Asociaci\u00f3n de vecinos de Campolivar\" \/>\n<meta property=\"article:modified_time\" content=\"2018-02-06T19:21:08+00:00\" \/>\n<meta property=\"og:image\" content=\"http:\/\/www.vecinoscampolivar.org\/wp-content\/uploads\/2018\/01\/junta-directiva.png\" \/>\n<meta name=\"twitter:card\" content=\"summary_large_image\" \/>\n<script type=\"application\/ld+json\" class=\"yoast-schema-graph\">{\"@context\":\"https:\/\/schema.org\",\"@graph\":[{\"@type\":\"WebSite\",\"@id\":\"http:\/\/www.vecinoscampolivar.org\/#website\",\"url\":\"http:\/\/www.vecinoscampolivar.org\/\",\"name\":\"Asociaci\u00f3n de vecinos de Campolivar\",\"description\":\"\",\"potentialAction\":[{\"@type\":\"SearchAction\",\"target\":{\"@type\":\"EntryPoint\",\"urlTemplate\":\"http:\/\/www.vecinoscampolivar.org\/?s={search_term_string}\"},\"query-input\":\"required name=search_term_string\"}],\"inLanguage\":\"en-US\"},{\"@type\":\"ImageObject\",\"inLanguage\":\"en-US\",\"@id\":\"http:\/\/www.vecinoscampolivar.org\/index.php\/junta-directiva\/?lang=ca#primaryimage\",\"url\":\"http:\/\/www.vecinoscampolivar.org\/wp-content\/uploads\/2018\/01\/junta-directiva.png\",\"contentUrl\":\"http:\/\/www.vecinoscampolivar.org\/wp-content\/uploads\/2018\/01\/junta-directiva.png\",\"width\":698,\"height\":400},{\"@type\":\"WebPage\",\"@id\":\"http:\/\/www.vecinoscampolivar.org\/index.php\/junta-directiva\/?lang=ca#webpage\",\"url\":\"http:\/\/www.vecinoscampolivar.org\/index.php\/junta-directiva\/?lang=ca\",\"name\":\"Junta directiva - Asociaci\u00f3n de vecinos de Campolivar\",\"isPartOf\":{\"@id\":\"http:\/\/www.vecinoscampolivar.org\/#website\"},\"primaryImageOfPage\":{\"@id\":\"http:\/\/www.vecinoscampolivar.org\/index.php\/junta-directiva\/?lang=ca#primaryimage\"},\"datePublished\":\"2018-01-31T18:25:51+00:00\",\"dateModified\":\"2018-02-06T19:21:08+00:00\",\"breadcrumb\":{\"@id\":\"http:\/\/www.vecinoscampolivar.org\/index.php\/junta-directiva\/?lang=ca#breadcrumb\"},\"inLanguage\":\"en-US\",\"potentialAction\":[{\"@type\":\"ReadAction\",\"target\":[\"http:\/\/www.vecinoscampolivar.org\/index.php\/junta-directiva\/?lang=ca\"]}]},{\"@type\":\"BreadcrumbList\",\"@id\":\"http:\/\/www.vecinoscampolivar.org\/index.php\/junta-directiva\/?lang=ca#breadcrumb\",\"itemListElement\":[{\"@type\":\"ListItem\",\"position\":1,\"name\":\"Portada\",\"item\":\"http:\/\/www.vecinoscampolivar.org\/\"},{\"@type\":\"ListItem\",\"position\":2,\"name\":\"Junta directiva\"}]}]}<\/script>\n<!-- \/ Yoast SEO plugin. -->","yoast_head_json":{"title":"Junta directiva - Asociaci\u00f3n de vecinos de Campolivar","robots":{"index":"index","follow":"follow","max-snippet":"max-snippet:-1","max-image-preview":"max-image-preview:large","max-video-preview":"max-video-preview:-1"},"canonical":"http:\/\/www.vecinoscampolivar.org\/index.php\/junta-directiva\/?lang=ca","og_locale":"en_US","og_type":"article","og_title":"Junta directiva - Asociaci\u00f3n de vecinos de Campolivar","og_url":"http:\/\/www.vecinoscampolivar.org\/index.php\/junta-directiva\/?lang=ca","og_site_name":"Asociaci\u00f3n de vecinos de Campolivar","article_modified_time":"2018-02-06T19:21:08+00:00","og_image":[{"url":"http:\/\/www.vecinoscampolivar.org\/wp-content\/uploads\/2018\/01\/junta-directiva.png"}],"twitter_card":"summary_large_image","schema":{"@context":"https:\/\/schema.org","@graph":[{"@type":"WebSite","@id":"http:\/\/www.vecinoscampolivar.org\/#website","url":"http:\/\/www.vecinoscampolivar.org\/","name":"Asociaci\u00f3n de vecinos de Campolivar","description":"","potentialAction":[{"@type":"SearchAction","target":{"@type":"EntryPoint","urlTemplate":"http:\/\/www.vecinoscampolivar.org\/?s={search_term_string}"},"query-input":"required name=search_term_string"}],"inLanguage":"en-US"},{"@type":"ImageObject","inLanguage":"en-US","@id":"http:\/\/www.vecinoscampolivar.org\/index.php\/junta-directiva\/?lang=ca#primaryimage","url":"http:\/\/www.vecinoscampolivar.org\/wp-content\/uploads\/2018\/01\/junta-directiva.png","contentUrl":"http:\/\/www.vecinoscampolivar.org\/wp-content\/uploads\/2018\/01\/junta-directiva.png","width":698,"height":400},{"@type":"WebPage","@id":"http:\/\/www.vecinoscampolivar.org\/index.php\/junta-directiva\/?lang=ca#webpage","url":"http:\/\/www.vecinoscampolivar.org\/index.php\/junta-directiva\/?lang=ca","name":"Junta directiva - Asociaci\u00f3n de vecinos de Campolivar","isPartOf":{"@id":"http:\/\/www.vecinoscampolivar.org\/#website"},"primaryImageOfPage":{"@id":"http:\/\/www.vecinoscampolivar.org\/index.php\/junta-directiva\/?lang=ca#primaryimage"},"datePublished":"2018-01-31T18:25:51+00:00","dateModified":"2018-02-06T19:21:08+00:00","breadcrumb":{"@id":"http:\/\/www.vecinoscampolivar.org\/index.php\/junta-directiva\/?lang=ca#breadcrumb"},"inLanguage":"en-US","potentialAction":[{"@type":"ReadAction","target":["http:\/\/www.vecinoscampolivar.org\/index.php\/junta-directiva\/?lang=ca"]}]},{"@type":"BreadcrumbList","@id":"http:\/\/www.vecinoscampolivar.org\/index.php\/junta-directiva\/?lang=ca#breadcrumb","itemListElement":[{"@type":"ListItem","position":1,"name":"Portada","item":"http:\/\/www.vecinoscampolivar.org\/"},{"@type":"ListItem","position":2,"name":"Junta directiva"}]}]}},"_links":{"self":[{"href":"http:\/\/www.vecinoscampolivar.org\/index.php\/wp-json\/wp\/v2\/pages\/607"}],"collection":[{"href":"http:\/\/www.vecinoscampolivar.org\/index.php\/wp-json\/wp\/v2\/pages"}],"about":[{"href":"http:\/\/www.vecinoscampolivar.org\/index.php\/wp-json\/wp\/v2\/types\/page"}],"author":[{"embeddable":true,"href":"http:\/\/www.vecinoscampolivar.org\/index.php\/wp-json\/wp\/v2\/users\/1"}],"replies":[{"embeddable":true,"href":"http:\/\/www.vecinoscampolivar.org\/index.php\/wp-json\/wp\/v2\/comments?post=607"}],"version-history":[{"count":3,"href":"http:\/\/www.vecinoscampolivar.org\/index.php\/wp-json\/wp\/v2\/pages\/607\/revisions"}],"predecessor-version":[{"id":658,"href":"http:\/\/www.vecinoscampolivar.org\/index.php\/wp-json\/wp\/v2\/pages\/607\/revisions\/658"}],"wp:attachment":[{"href":"http:\/\/www.vecinoscampolivar.org\/index.php\/wp-json\/wp\/v2\/media?parent=607"}],"curies":[{"name":"wp","href":"https:\/\/api.w.org\/{rel}","templated":true}]}}