{"id":631,"date":"2014-03-18T11:31:06","date_gmt":"2014-03-18T11:31:06","guid":{"rendered":"http:\/\/www.vecinoscampolivar.org\/index.php\/contacto\/"},"modified":"2018-02-02T20:10:50","modified_gmt":"2018-02-02T20:10:50","slug":"contacto","status":"publish","type":"page","link":"http:\/\/www.vecinoscampolivar.org\/index.php\/contacto\/?lang=ca","title":{"rendered":"Contacte"},"content":{"rendered":"<blockquote><p><img loading=\"lazy\" class=\"alignleft size-medium wp-image-446\" src=\"http:\/\/www.vecinoscampolivar.org\/wp-content\/uploads\/2018\/01\/manos.jpg\" alt=\"\" width=\"300\" height=\"185\" srcset=\"http:\/\/www.vecinoscampolivar.org\/wp-content\/uploads\/2018\/01\/manos.jpg 650w, http:\/\/www.vecinoscampolivar.org\/wp-content\/uploads\/2018\/01\/manos-300x185.jpg 300w\" sizes=\"(max-width: 300px) 100vw, 300px\" \/>En l&#8217;Associaci\u00f3 de Ve\u00efns de Campolivar necessitem la teua ajuda per a aconseguir un objectiu com\u00fa. Junts aconseguirem defendre els interessos dels ve\u00efns i fer que Campolivar siga escoltada.<\/p>\n<h2 style=\"text-align: center;\">Fes-te soci i col\u00b7labora!<\/h2>\n<h4><\/h4>\n<\/blockquote>\n<div role=\"form\" class=\"wpcf7\" id=\"wpcf7-f439-o1\" lang=\"es-ES\" dir=\"ltr\">\n<div class=\"screen-reader-response\"><p role=\"status\" aria-live=\"polite\" aria-atomic=\"true\"><\/p> <ul><\/ul><\/div>\n<form action=\"\/index.php\/wp-json\/wp\/v2\/pages\/631#wpcf7-f439-o1\" method=\"post\" class=\"wpcf7-form init\" novalidate=\"novalidate\" data-status=\"init\">\n<div style=\"display: none;\">\n<input type=\"hidden\" name=\"_wpcf7\" value=\"439\" \/>\n<input type=\"hidden\" name=\"_wpcf7_version\" value=\"5.5.6.1\" \/>\n<input type=\"hidden\" name=\"_wpcf7_locale\" value=\"es_ES\" \/>\n<input type=\"hidden\" name=\"_wpcf7_unit_tag\" value=\"wpcf7-f439-o1\" \/>\n<input type=\"hidden\" name=\"_wpcf7_container_post\" value=\"0\" \/>\n<input type=\"hidden\" name=\"_wpcf7_posted_data_hash\" value=\"\" \/>\n<\/div>\n<p><label> Nombre (obligatorio)<br \/>\n    <span class=\"wpcf7-form-control-wrap your-name\"><input type=\"text\" name=\"your-name\" value=\"\" size=\"40\" class=\"wpcf7-form-control wpcf7-text wpcf7-validates-as-required\" aria-required=\"true\" aria-invalid=\"false\" \/><\/span> <\/label><\/p>\n<p><label> Tu correo electr\u00f3nico (obligatorio)<br \/>\n    <span class=\"wpcf7-form-control-wrap your-email\"><input type=\"email\" name=\"your-email\" value=\"\" size=\"40\" class=\"wpcf7-form-control wpcf7-text wpcf7-email wpcf7-validates-as-required wpcf7-validates-as-email\" aria-required=\"true\" aria-invalid=\"false\" \/><\/span> <\/label><\/p>\n<p><label> Tel\u00e9fono (obligatorio)<br \/>\n    <span class=\"wpcf7-form-control-wrap tel-763\"><input type=\"tel\" name=\"tel-763\" value=\"\" size=\"40\" class=\"wpcf7-form-control wpcf7-text wpcf7-tel wpcf7-validates-as-required wpcf7-validates-as-tel\" aria-required=\"true\" aria-invalid=\"false\" \/><\/span> <\/label><\/p>\n<p><label> Asunto<br \/>\n<span class=\"wpcf7-form-control-wrap text-881\"><input type=\"text\" name=\"text-881\" value=\"\" size=\"40\" class=\"wpcf7-form-control wpcf7-text\" aria-invalid=\"false\" \/><\/span> <\/label><\/p>\n<p><label> Mensaje<br \/>\n    <span class=\"wpcf7-form-control-wrap your-message\"><textarea name=\"your-message\" cols=\"40\" rows=\"10\" class=\"wpcf7-form-control wpcf7-textarea\" aria-invalid=\"false\"><\/textarea><\/span> <\/label><\/p>\n<p><input type=\"submit\" value=\"Enviar\" class=\"wpcf7-form-control has-spinner wpcf7-submit\" \/><\/p>\n<div class=\"wpcf7-response-output\" aria-hidden=\"true\"><\/div><\/form><\/div>\n<p>&nbsp;<\/p>\n","protected":false},"excerpt":{"rendered":"<p>En l&#8217;Associaci\u00f3 de Ve\u00efns de Campolivar necessitem la teua ajuda per a aconseguir un objectiu com\u00fa. Junts aconseguirem defendre els interessos dels ve\u00efns i fer que Campolivar siga escoltada. Fes-te soci i col\u00b7labora! &nbsp;<\/p>\n","protected":false},"author":1,"featured_media":0,"parent":0,"menu_order":0,"comment_status":"open","ping_status":"open","template":"page-templates\/contact.php","meta":[],"translation":{"provider":"WPGlobus","version":"2.8.11","language":"en","enabled_languages":["en","es"],"languages":{"en":{"title":true,"content":true,"excerpt":false},"es":{"title":false,"content":false,"excerpt":false}}},"yoast_head":"<!-- This site is optimized with the Yoast SEO plugin v19.0 - https:\/\/yoast.com\/wordpress\/plugins\/seo\/ -->\n<title>Contacte - Asociaci\u00f3n de vecinos de Campolivar<\/title>\n<meta name=\"robots\" content=\"index, follow, max-snippet:-1, max-image-preview:large, max-video-preview:-1\" \/>\n<link rel=\"canonical\" href=\"http:\/\/www.vecinoscampolivar.org\/index.php\/contacto\/?lang=ca\" \/>\n<meta property=\"og:locale\" content=\"en_US\" \/>\n<meta property=\"og:type\" content=\"article\" \/>\n<meta property=\"og:title\" content=\"Contacte - Asociaci\u00f3n de vecinos de Campolivar\" \/>\n<meta property=\"og:url\" content=\"http:\/\/www.vecinoscampolivar.org\/index.php\/contacto\/?lang=ca\" \/>\n<meta property=\"og:site_name\" content=\"Asociaci\u00f3n de vecinos de Campolivar\" \/>\n<meta property=\"article:modified_time\" content=\"2018-02-02T20:10:50+00:00\" \/>\n<meta property=\"og:image\" content=\"http:\/\/www.vecinoscampolivar.org\/wp-content\/uploads\/2018\/01\/manos.jpg\" \/>\n<meta name=\"twitter:card\" content=\"summary_large_image\" \/>\n<script type=\"application\/ld+json\" class=\"yoast-schema-graph\">{\"@context\":\"https:\/\/schema.org\",\"@graph\":[{\"@type\":\"WebSite\",\"@id\":\"http:\/\/www.vecinoscampolivar.org\/#website\",\"url\":\"http:\/\/www.vecinoscampolivar.org\/\",\"name\":\"Asociaci\u00f3n de vecinos de Campolivar\",\"description\":\"\",\"potentialAction\":[{\"@type\":\"SearchAction\",\"target\":{\"@type\":\"EntryPoint\",\"urlTemplate\":\"http:\/\/www.vecinoscampolivar.org\/?s={search_term_string}\"},\"query-input\":\"required name=search_term_string\"}],\"inLanguage\":\"en-US\"},{\"@type\":\"ImageObject\",\"inLanguage\":\"en-US\",\"@id\":\"http:\/\/www.vecinoscampolivar.org\/index.php\/contacto\/?lang=ca#primaryimage\",\"url\":\"http:\/\/www.vecinoscampolivar.org\/wp-content\/uploads\/2018\/01\/manos.jpg\",\"contentUrl\":\"http:\/\/www.vecinoscampolivar.org\/wp-content\/uploads\/2018\/01\/manos.jpg\",\"width\":650,\"height\":400},{\"@type\":\"WebPage\",\"@id\":\"http:\/\/www.vecinoscampolivar.org\/index.php\/contacto\/?lang=ca#webpage\",\"url\":\"http:\/\/www.vecinoscampolivar.org\/index.php\/contacto\/?lang=ca\",\"name\":\"Contacte - Asociaci\u00f3n de vecinos de Campolivar\",\"isPartOf\":{\"@id\":\"http:\/\/www.vecinoscampolivar.org\/#website\"},\"primaryImageOfPage\":{\"@id\":\"http:\/\/www.vecinoscampolivar.org\/index.php\/contacto\/?lang=ca#primaryimage\"},\"datePublished\":\"2014-03-18T11:31:06+00:00\",\"dateModified\":\"2018-02-02T20:10:50+00:00\",\"breadcrumb\":{\"@id\":\"http:\/\/www.vecinoscampolivar.org\/index.php\/contacto\/?lang=ca#breadcrumb\"},\"inLanguage\":\"en-US\",\"potentialAction\":[{\"@type\":\"ReadAction\",\"target\":[\"http:\/\/www.vecinoscampolivar.org\/index.php\/contacto\/?lang=ca\"]}]},{\"@type\":\"BreadcrumbList\",\"@id\":\"http:\/\/www.vecinoscampolivar.org\/index.php\/contacto\/?lang=ca#breadcrumb\",\"itemListElement\":[{\"@type\":\"ListItem\",\"position\":1,\"name\":\"Portada\",\"item\":\"http:\/\/www.vecinoscampolivar.org\/\"},{\"@type\":\"ListItem\",\"position\":2,\"name\":\"Contacte\"}]}]}<\/script>\n<!-- \/ Yoast SEO plugin. -->","yoast_head_json":{"title":"Contacte - Asociaci\u00f3n de vecinos de Campolivar","robots":{"index":"index","follow":"follow","max-snippet":"max-snippet:-1","max-image-preview":"max-image-preview:large","max-video-preview":"max-video-preview:-1"},"canonical":"http:\/\/www.vecinoscampolivar.org\/index.php\/contacto\/?lang=ca","og_locale":"en_US","og_type":"article","og_title":"Contacte - Asociaci\u00f3n de vecinos de Campolivar","og_url":"http:\/\/www.vecinoscampolivar.org\/index.php\/contacto\/?lang=ca","og_site_name":"Asociaci\u00f3n de vecinos de Campolivar","article_modified_time":"2018-02-02T20:10:50+00:00","og_image":[{"url":"http:\/\/www.vecinoscampolivar.org\/wp-content\/uploads\/2018\/01\/manos.jpg"}],"twitter_card":"summary_large_image","schema":{"@context":"https:\/\/schema.org","@graph":[{"@type":"WebSite","@id":"http:\/\/www.vecinoscampolivar.org\/#website","url":"http:\/\/www.vecinoscampolivar.org\/","name":"Asociaci\u00f3n de vecinos de Campolivar","description":"","potentialAction":[{"@type":"SearchAction","target":{"@type":"EntryPoint","urlTemplate":"http:\/\/www.vecinoscampolivar.org\/?s={search_term_string}"},"query-input":"required name=search_term_string"}],"inLanguage":"en-US"},{"@type":"ImageObject","inLanguage":"en-US","@id":"http:\/\/www.vecinoscampolivar.org\/index.php\/contacto\/?lang=ca#primaryimage","url":"http:\/\/www.vecinoscampolivar.org\/wp-content\/uploads\/2018\/01\/manos.jpg","contentUrl":"http:\/\/www.vecinoscampolivar.org\/wp-content\/uploads\/2018\/01\/manos.jpg","width":650,"height":400},{"@type":"WebPage","@id":"http:\/\/www.vecinoscampolivar.org\/index.php\/contacto\/?lang=ca#webpage","url":"http:\/\/www.vecinoscampolivar.org\/index.php\/contacto\/?lang=ca","name":"Contacte - Asociaci\u00f3n de vecinos de Campolivar","isPartOf":{"@id":"http:\/\/www.vecinoscampolivar.org\/#website"},"primaryImageOfPage":{"@id":"http:\/\/www.vecinoscampolivar.org\/index.php\/contacto\/?lang=ca#primaryimage"},"datePublished":"2014-03-18T11:31:06+00:00","dateModified":"2018-02-02T20:10:50+00:00","breadcrumb":{"@id":"http:\/\/www.vecinoscampolivar.org\/index.php\/contacto\/?lang=ca#breadcrumb"},"inLanguage":"en-US","potentialAction":[{"@type":"ReadAction","target":["http:\/\/www.vecinoscampolivar.org\/index.php\/contacto\/?lang=ca"]}]},{"@type":"BreadcrumbList","@id":"http:\/\/www.vecinoscampolivar.org\/index.php\/contacto\/?lang=ca#breadcrumb","itemListElement":[{"@type":"ListItem","position":1,"name":"Portada","item":"http:\/\/www.vecinoscampolivar.org\/"},{"@type":"ListItem","position":2,"name":"Contacte"}]}]}},"_links":{"self":[{"href":"http:\/\/www.vecinoscampolivar.org\/index.php\/wp-json\/wp\/v2\/pages\/631"}],"collection":[{"href":"http:\/\/www.vecinoscampolivar.org\/index.php\/wp-json\/wp\/v2\/pages"}],"about":[{"href":"http:\/\/www.vecinoscampolivar.org\/index.php\/wp-json\/wp\/v2\/types\/page"}],"author":[{"embeddable":true,"href":"http:\/\/www.vecinoscampolivar.org\/index.php\/wp-json\/wp\/v2\/users\/1"}],"replies":[{"embeddable":true,"href":"http:\/\/www.vecinoscampolivar.org\/index.php\/wp-json\/wp\/v2\/comments?post=631"}],"version-history":[{"count":2,"href":"http:\/\/www.vecinoscampolivar.org\/index.php\/wp-json\/wp\/v2\/pages\/631\/revisions"}],"predecessor-version":[{"id":633,"href":"http:\/\/www.vecinoscampolivar.org\/index.php\/wp-json\/wp\/v2\/pages\/631\/revisions\/633"}],"wp:attachment":[{"href":"http:\/\/www.vecinoscampolivar.org\/index.php\/wp-json\/wp\/v2\/media?parent=631"}],"curies":[{"name":"wp","href":"https:\/\/api.w.org\/{rel}","templated":true}]}}